{"id":1365,"date":"2016-09-14T12:13:11","date_gmt":"2016-09-14T10:13:11","guid":{"rendered":"https:\/\/mcbgroup.eu\/?page_id=1365\/"},"modified":"2026-03-13T11:55:29","modified_gmt":"2026-03-13T10:55:29","slug":"geschaeftsfuerung","status":"publish","type":"page","link":"https:\/\/www.mcbgroup.eu\/de\/geschaeftsfuerung\/","title":{"rendered":"Gesch\u00e4ftsf\u00fchrung"},"content":{"rendered":"<blockquote class=\"wp-embedded-content\" data-secret=\"vWvWYZ66qy\"><p><a href=\"https:\/\/www.mcbgroup.eu\/de\/geschaeftsfuerung\/\">Gesch\u00e4ftsf\u00fchrung<\/a><\/p><\/blockquote>\n<p><iframe loading=\"lazy\" class=\"wp-embedded-content\" sandbox=\"allow-scripts\" security=\"restricted\" style=\"position: absolute; visibility: hidden;\" title=\"&#8220;Gesch\u00e4ftsf\u00fchrung&#8221; &#8212; MCB-bedrijven\" src=\"https:\/\/www.mcbgroup.eu\/de\/geschaeftsfuerung\/embed\/#?secret=eAYDBf05Tj#?secret=vWvWYZ66qy\" data-secret=\"vWvWYZ66qy\" width=\"500\" height=\"282\" frameborder=\"0\" marginwidth=\"0\" marginheight=\"0\" scrolling=\"no\"><\/iframe><\/p>\n","protected":false},"excerpt":{"rendered":"<p>Gesch\u00e4ftsf\u00fchrung<\/p>\n","protected":false},"author":24,"featured_media":0,"parent":0,"menu_order":0,"comment_status":"closed","ping_status":"closed","template":"","meta":{"footnotes":""},"class_list":["post-1365","page","type-page","status-publish","hentry"],"yoast_head":"<!-- This site is optimized with the Yoast SEO plugin v27.3 - https:\/\/yoast.com\/product\/yoast-seo-wordpress\/ -->\n<title>Gesch\u00e4ftsf\u00fchrung MCB Group - MCB Group: die geb\u00fcndelte Kraft von MCB<\/title>\n<meta name=\"description\" content=\"Gesch\u00e4ftsf\u00fchrung MCB Group: Bram Schildkamp CEO, Emiel van Boxtel CFO, Dennis Broeksteeg, Nicole Maathuis und Serge Timmermans.\" \/>\n<meta name=\"robots\" content=\"index, follow, max-snippet:-1, max-image-preview:large, max-video-preview:-1\" \/>\n<link rel=\"canonical\" href=\"https:\/\/www.mcbgroup.eu\/de\/geschaeftsfuerung\/\" \/>\n<meta property=\"og:locale\" content=\"de_DE\" \/>\n<meta property=\"og:type\" content=\"article\" \/>\n<meta property=\"og:title\" content=\"Gesch\u00e4ftsf\u00fchrung MCB Group - MCB Group: die geb\u00fcndelte Kraft von MCB\" \/>\n<meta property=\"og:description\" content=\"Gesch\u00e4ftsf\u00fchrung MCB Group: Bram Schildkamp CEO, Emiel van Boxtel CFO, Dennis Broeksteeg, Nicole Maathuis und Serge Timmermans.\" \/>\n<meta property=\"og:url\" content=\"https:\/\/www.mcbgroup.eu\/de\/geschaeftsfuerung\/\" \/>\n<meta property=\"og:site_name\" content=\"MCB-bedrijven\" \/>\n<meta property=\"article:modified_time\" content=\"2026-03-13T10:55:29+00:00\" \/>\n<meta property=\"og:image\" content=\"https:\/\/www.mcbgroup.eu\/wp-content\/uploads\/2016\/11\/og-image.jpg\" \/>\n\t<meta property=\"og:image:width\" content=\"400\" \/>\n\t<meta property=\"og:image:height\" content=\"400\" \/>\n\t<meta property=\"og:image:type\" content=\"image\/jpeg\" \/>\n<meta name=\"twitter:card\" content=\"summary_large_image\" \/>\n<meta name=\"twitter:label1\" content=\"Est. reading time\" \/>\n\t<meta name=\"twitter:data1\" content=\"1 minute\" \/>\n<script type=\"application\/ld+json\" class=\"yoast-schema-graph\">{\"@context\":\"https:\\\/\\\/schema.org\",\"@graph\":[{\"@type\":\"WebPage\",\"@id\":\"https:\\\/\\\/www.mcbgroup.eu\\\/de\\\/geschaeftsfuerung\\\/\",\"url\":\"https:\\\/\\\/www.mcbgroup.eu\\\/de\\\/geschaeftsfuerung\\\/\",\"name\":\"Gesch\u00e4ftsf\u00fchrung MCB Group - MCB Group: die geb\u00fcndelte Kraft von MCB\",\"isPartOf\":{\"@id\":\"https:\\\/\\\/www.mcbgroup.eu\\\/#website\"},\"datePublished\":\"2016-09-14T10:13:11+00:00\",\"dateModified\":\"2026-03-13T10:55:29+00:00\",\"description\":\"Gesch\u00e4ftsf\u00fchrung MCB Group: Bram Schildkamp CEO, Emiel van Boxtel CFO, Dennis Broeksteeg, Nicole Maathuis und Serge Timmermans.\",\"breadcrumb\":{\"@id\":\"https:\\\/\\\/www.mcbgroup.eu\\\/de\\\/geschaeftsfuerung\\\/#breadcrumb\"},\"inLanguage\":\"de-DE\",\"potentialAction\":[{\"@type\":\"ReadAction\",\"target\":[\"https:\\\/\\\/www.mcbgroup.eu\\\/de\\\/geschaeftsfuerung\\\/\"]}]},{\"@type\":\"BreadcrumbList\",\"@id\":\"https:\\\/\\\/www.mcbgroup.eu\\\/de\\\/geschaeftsfuerung\\\/#breadcrumb\",\"itemListElement\":[{\"@type\":\"ListItem\",\"position\":1,\"name\":\"Home\",\"item\":\"https:\\\/\\\/www.mcbgroup.eu\\\/\"},{\"@type\":\"ListItem\",\"position\":2,\"name\":\"Gesch\u00e4ftsf\u00fchrung\"}]},{\"@type\":\"WebSite\",\"@id\":\"https:\\\/\\\/www.mcbgroup.eu\\\/#website\",\"url\":\"https:\\\/\\\/www.mcbgroup.eu\\\/\",\"name\":\"MCB-bedrijven\",\"description\":\"\",\"publisher\":{\"@id\":\"https:\\\/\\\/www.mcbgroup.eu\\\/#organization\"},\"potentialAction\":[{\"@type\":\"SearchAction\",\"target\":{\"@type\":\"EntryPoint\",\"urlTemplate\":\"https:\\\/\\\/www.mcbgroup.eu\\\/?s={search_term_string}\"},\"query-input\":{\"@type\":\"PropertyValueSpecification\",\"valueRequired\":true,\"valueName\":\"search_term_string\"}}],\"inLanguage\":\"de-DE\"},{\"@type\":\"Organization\",\"@id\":\"https:\\\/\\\/www.mcbgroup.eu\\\/#organization\",\"name\":\"MCB Group\",\"url\":\"https:\\\/\\\/www.mcbgroup.eu\\\/\",\"logo\":{\"@type\":\"ImageObject\",\"inLanguage\":\"de-DE\",\"@id\":\"https:\\\/\\\/www.mcbgroup.eu\\\/#\\\/schema\\\/logo\\\/image\\\/\",\"url\":\"https:\\\/\\\/mcbgroup.eu\\\/wp-content\\\/uploads\\\/2021\\\/10\\\/MCB-Payoff-1-1.jpg\",\"contentUrl\":\"https:\\\/\\\/mcbgroup.eu\\\/wp-content\\\/uploads\\\/2021\\\/10\\\/MCB-Payoff-1-1.jpg\",\"width\":201,\"height\":201,\"caption\":\"MCB Group\"},\"image\":{\"@id\":\"https:\\\/\\\/www.mcbgroup.eu\\\/#\\\/schema\\\/logo\\\/image\\\/\"}}]}<\/script>\n<!-- \/ Yoast SEO plugin. -->","yoast_head_json":{"title":"Gesch\u00e4ftsf\u00fchrung MCB Group - MCB Group: die geb\u00fcndelte Kraft von MCB","description":"Gesch\u00e4ftsf\u00fchrung MCB Group: Bram Schildkamp CEO, Emiel van Boxtel CFO, Dennis Broeksteeg, Nicole Maathuis und Serge Timmermans.","robots":{"index":"index","follow":"follow","max-snippet":"max-snippet:-1","max-image-preview":"max-image-preview:large","max-video-preview":"max-video-preview:-1"},"canonical":"https:\/\/www.mcbgroup.eu\/de\/geschaeftsfuerung\/","og_locale":"de_DE","og_type":"article","og_title":"Gesch\u00e4ftsf\u00fchrung MCB Group - MCB Group: die geb\u00fcndelte Kraft von MCB","og_description":"Gesch\u00e4ftsf\u00fchrung MCB Group: Bram Schildkamp CEO, Emiel van Boxtel CFO, Dennis Broeksteeg, Nicole Maathuis und Serge Timmermans.","og_url":"https:\/\/www.mcbgroup.eu\/de\/geschaeftsfuerung\/","og_site_name":"MCB-bedrijven","article_modified_time":"2026-03-13T10:55:29+00:00","og_image":[{"width":400,"height":400,"url":"https:\/\/www.mcbgroup.eu\/wp-content\/uploads\/2016\/11\/og-image.jpg","type":"image\/jpeg"}],"twitter_card":"summary_large_image","twitter_misc":{"Est. reading time":"1 minute"},"schema":{"@context":"https:\/\/schema.org","@graph":[{"@type":"WebPage","@id":"https:\/\/www.mcbgroup.eu\/de\/geschaeftsfuerung\/","url":"https:\/\/www.mcbgroup.eu\/de\/geschaeftsfuerung\/","name":"Gesch\u00e4ftsf\u00fchrung MCB Group - MCB Group: die geb\u00fcndelte Kraft von MCB","isPartOf":{"@id":"https:\/\/www.mcbgroup.eu\/#website"},"datePublished":"2016-09-14T10:13:11+00:00","dateModified":"2026-03-13T10:55:29+00:00","description":"Gesch\u00e4ftsf\u00fchrung MCB Group: Bram Schildkamp CEO, Emiel van Boxtel CFO, Dennis Broeksteeg, Nicole Maathuis und Serge Timmermans.","breadcrumb":{"@id":"https:\/\/www.mcbgroup.eu\/de\/geschaeftsfuerung\/#breadcrumb"},"inLanguage":"de-DE","potentialAction":[{"@type":"ReadAction","target":["https:\/\/www.mcbgroup.eu\/de\/geschaeftsfuerung\/"]}]},{"@type":"BreadcrumbList","@id":"https:\/\/www.mcbgroup.eu\/de\/geschaeftsfuerung\/#breadcrumb","itemListElement":[{"@type":"ListItem","position":1,"name":"Home","item":"https:\/\/www.mcbgroup.eu\/"},{"@type":"ListItem","position":2,"name":"Gesch\u00e4ftsf\u00fchrung"}]},{"@type":"WebSite","@id":"https:\/\/www.mcbgroup.eu\/#website","url":"https:\/\/www.mcbgroup.eu\/","name":"MCB-bedrijven","description":"","publisher":{"@id":"https:\/\/www.mcbgroup.eu\/#organization"},"potentialAction":[{"@type":"SearchAction","target":{"@type":"EntryPoint","urlTemplate":"https:\/\/www.mcbgroup.eu\/?s={search_term_string}"},"query-input":{"@type":"PropertyValueSpecification","valueRequired":true,"valueName":"search_term_string"}}],"inLanguage":"de-DE"},{"@type":"Organization","@id":"https:\/\/www.mcbgroup.eu\/#organization","name":"MCB Group","url":"https:\/\/www.mcbgroup.eu\/","logo":{"@type":"ImageObject","inLanguage":"de-DE","@id":"https:\/\/www.mcbgroup.eu\/#\/schema\/logo\/image\/","url":"https:\/\/mcbgroup.eu\/wp-content\/uploads\/2021\/10\/MCB-Payoff-1-1.jpg","contentUrl":"https:\/\/mcbgroup.eu\/wp-content\/uploads\/2021\/10\/MCB-Payoff-1-1.jpg","width":201,"height":201,"caption":"MCB Group"},"image":{"@id":"https:\/\/www.mcbgroup.eu\/#\/schema\/logo\/image\/"}}]}},"_links":{"self":[{"href":"https:\/\/www.mcbgroup.eu\/de\/wp-json\/wp\/v2\/pages\/1365","targetHints":{"allow":["GET"]}}],"collection":[{"href":"https:\/\/www.mcbgroup.eu\/de\/wp-json\/wp\/v2\/pages"}],"about":[{"href":"https:\/\/www.mcbgroup.eu\/de\/wp-json\/wp\/v2\/types\/page"}],"author":[{"embeddable":true,"href":"https:\/\/www.mcbgroup.eu\/de\/wp-json\/wp\/v2\/users\/24"}],"replies":[{"embeddable":true,"href":"https:\/\/www.mcbgroup.eu\/de\/wp-json\/wp\/v2\/comments?post=1365"}],"version-history":[{"count":42,"href":"https:\/\/www.mcbgroup.eu\/de\/wp-json\/wp\/v2\/pages\/1365\/revisions"}],"predecessor-version":[{"id":9671,"href":"https:\/\/www.mcbgroup.eu\/de\/wp-json\/wp\/v2\/pages\/1365\/revisions\/9671"}],"wp:attachment":[{"href":"https:\/\/www.mcbgroup.eu\/de\/wp-json\/wp\/v2\/media?parent=1365"}],"curies":[{"name":"wp","href":"https:\/\/api.w.org\/{rel}","templated":true}]}}