{"id":1396,"date":"2016-09-08T10:48:15","date_gmt":"2016-09-08T08:48:15","guid":{"rendered":"https:\/\/mcbgroup.eu\/mcb-group-2\/"},"modified":"2023-04-03T16:11:15","modified_gmt":"2023-04-03T14:11:15","slug":"de","status":"publish","type":"page","link":"https:\/\/www.mcbgroup.eu\/de\/","title":{"rendered":"Homepage"},"content":{"rendered":"","protected":false},"excerpt":{"rendered":"<p>MCB International is een houdstermaatschappij met een aantal werkmaatschappijen in diverse Europese landen. Gezamenlijk vormen zij de MCB Groep. De werkmaatschappijen zijn hoofdzakelijk actief als groothandel en Service Center in metalen, waaronder staal, roestvast staal, aluminium, koper en messing. Een belangrijke toegevoegde waarde vormt de uitvoering van klantspeci eke opdrachten in onder andere het.<\/p>\n","protected":false},"author":24,"featured_media":0,"parent":0,"menu_order":0,"comment_status":"closed","ping_status":"closed","template":"","meta":{"footnotes":""},"class_list":["post-1396","page","type-page","status-publish","hentry"],"yoast_head":"<!-- This site is optimized with the Yoast SEO plugin v27.3 - https:\/\/yoast.com\/product\/yoast-seo-wordpress\/ -->\n<title>MCB Group - die geb\u00fcndelte Kraft von MCB<\/title>\n<meta name=\"description\" content=\"MCB ist Ihr zuverl\u00e4ssiger Partner in der Metall-Lieferkette, der mit seinen passgenauen L\u00f6sungen Mehrwert schafft.\" \/>\n<meta name=\"robots\" content=\"index, follow, max-snippet:-1, max-image-preview:large, max-video-preview:-1\" \/>\n<link rel=\"canonical\" href=\"https:\/\/www.mcbgroup.eu\/\" \/>\n<meta property=\"og:locale\" content=\"de_DE\" \/>\n<meta property=\"og:type\" content=\"article\" \/>\n<meta property=\"og:title\" content=\"MCB Group - die geb\u00fcndelte Kraft von MCB\" \/>\n<meta property=\"og:description\" content=\"MCB ist Ihr zuverl\u00e4ssiger Partner in der Metall-Lieferkette, der mit seinen passgenauen L\u00f6sungen Mehrwert schafft.\" \/>\n<meta property=\"og:url\" content=\"https:\/\/www.mcbgroup.eu\/\" \/>\n<meta property=\"og:site_name\" content=\"MCB-bedrijven\" \/>\n<meta property=\"article:modified_time\" content=\"2023-04-03T14:11:15+00:00\" \/>\n<meta property=\"og:image\" content=\"https:\/\/www.mcbgroup.eu\/wp-content\/uploads\/2016\/11\/og-image.jpg\" \/>\n\t<meta property=\"og:image:width\" content=\"400\" \/>\n\t<meta property=\"og:image:height\" content=\"400\" \/>\n\t<meta property=\"og:image:type\" content=\"image\/jpeg\" \/>\n<meta name=\"twitter:card\" content=\"summary_large_image\" \/>\n<script type=\"application\/ld+json\" class=\"yoast-schema-graph\">{\"@context\":\"https:\\\/\\\/schema.org\",\"@graph\":[{\"@type\":\"WebPage\",\"@id\":\"https:\\\/\\\/www.mcbgroup.eu\\\/\",\"url\":\"https:\\\/\\\/www.mcbgroup.eu\\\/\",\"name\":\"MCB Group - die geb\u00fcndelte Kraft von MCB\",\"isPartOf\":{\"@id\":\"https:\\\/\\\/www.mcbgroup.eu\\\/#website\"},\"datePublished\":\"2016-09-08T08:48:15+00:00\",\"dateModified\":\"2023-04-03T14:11:15+00:00\",\"description\":\"MCB ist Ihr zuverl\u00e4ssiger Partner in der Metall-Lieferkette, der mit seinen passgenauen L\u00f6sungen Mehrwert schafft.\",\"breadcrumb\":{\"@id\":\"https:\\\/\\\/www.mcbgroup.eu\\\/#breadcrumb\"},\"inLanguage\":\"de-DE\",\"potentialAction\":[{\"@type\":\"ReadAction\",\"target\":[\"https:\\\/\\\/www.mcbgroup.eu\\\/\"]}]},{\"@type\":\"BreadcrumbList\",\"@id\":\"https:\\\/\\\/www.mcbgroup.eu\\\/#breadcrumb\",\"itemListElement\":[{\"@type\":\"ListItem\",\"position\":1,\"name\":\"Home\",\"item\":\"https:\\\/\\\/www.mcbgroup.eu\\\/\"},{\"@type\":\"ListItem\",\"position\":2,\"name\":\"Homepage\"}]},{\"@type\":\"WebSite\",\"@id\":\"https:\\\/\\\/www.mcbgroup.eu\\\/#website\",\"url\":\"https:\\\/\\\/www.mcbgroup.eu\\\/\",\"name\":\"MCB-bedrijven\",\"description\":\"\",\"publisher\":{\"@id\":\"https:\\\/\\\/www.mcbgroup.eu\\\/#organization\"},\"potentialAction\":[{\"@type\":\"SearchAction\",\"target\":{\"@type\":\"EntryPoint\",\"urlTemplate\":\"https:\\\/\\\/www.mcbgroup.eu\\\/?s={search_term_string}\"},\"query-input\":{\"@type\":\"PropertyValueSpecification\",\"valueRequired\":true,\"valueName\":\"search_term_string\"}}],\"inLanguage\":\"de-DE\"},{\"@type\":\"Organization\",\"@id\":\"https:\\\/\\\/www.mcbgroup.eu\\\/#organization\",\"name\":\"MCB Group\",\"url\":\"https:\\\/\\\/www.mcbgroup.eu\\\/\",\"logo\":{\"@type\":\"ImageObject\",\"inLanguage\":\"de-DE\",\"@id\":\"https:\\\/\\\/www.mcbgroup.eu\\\/#\\\/schema\\\/logo\\\/image\\\/\",\"url\":\"https:\\\/\\\/mcbgroup.eu\\\/wp-content\\\/uploads\\\/2021\\\/10\\\/MCB-Payoff-1-1.jpg\",\"contentUrl\":\"https:\\\/\\\/mcbgroup.eu\\\/wp-content\\\/uploads\\\/2021\\\/10\\\/MCB-Payoff-1-1.jpg\",\"width\":201,\"height\":201,\"caption\":\"MCB Group\"},\"image\":{\"@id\":\"https:\\\/\\\/www.mcbgroup.eu\\\/#\\\/schema\\\/logo\\\/image\\\/\"}}]}<\/script>\n<!-- \/ Yoast SEO plugin. -->","yoast_head_json":{"title":"MCB Group - die geb\u00fcndelte Kraft von MCB","description":"MCB ist Ihr zuverl\u00e4ssiger Partner in der Metall-Lieferkette, der mit seinen passgenauen L\u00f6sungen Mehrwert schafft.","robots":{"index":"index","follow":"follow","max-snippet":"max-snippet:-1","max-image-preview":"max-image-preview:large","max-video-preview":"max-video-preview:-1"},"canonical":"https:\/\/www.mcbgroup.eu\/","og_locale":"de_DE","og_type":"article","og_title":"MCB Group - die geb\u00fcndelte Kraft von MCB","og_description":"MCB ist Ihr zuverl\u00e4ssiger Partner in der Metall-Lieferkette, der mit seinen passgenauen L\u00f6sungen Mehrwert schafft.","og_url":"https:\/\/www.mcbgroup.eu\/","og_site_name":"MCB-bedrijven","article_modified_time":"2023-04-03T14:11:15+00:00","og_image":[{"width":400,"height":400,"url":"https:\/\/www.mcbgroup.eu\/wp-content\/uploads\/2016\/11\/og-image.jpg","type":"image\/jpeg"}],"twitter_card":"summary_large_image","schema":{"@context":"https:\/\/schema.org","@graph":[{"@type":"WebPage","@id":"https:\/\/www.mcbgroup.eu\/","url":"https:\/\/www.mcbgroup.eu\/","name":"MCB Group - die geb\u00fcndelte Kraft von MCB","isPartOf":{"@id":"https:\/\/www.mcbgroup.eu\/#website"},"datePublished":"2016-09-08T08:48:15+00:00","dateModified":"2023-04-03T14:11:15+00:00","description":"MCB ist Ihr zuverl\u00e4ssiger Partner in der Metall-Lieferkette, der mit seinen passgenauen L\u00f6sungen Mehrwert schafft.","breadcrumb":{"@id":"https:\/\/www.mcbgroup.eu\/#breadcrumb"},"inLanguage":"de-DE","potentialAction":[{"@type":"ReadAction","target":["https:\/\/www.mcbgroup.eu\/"]}]},{"@type":"BreadcrumbList","@id":"https:\/\/www.mcbgroup.eu\/#breadcrumb","itemListElement":[{"@type":"ListItem","position":1,"name":"Home","item":"https:\/\/www.mcbgroup.eu\/"},{"@type":"ListItem","position":2,"name":"Homepage"}]},{"@type":"WebSite","@id":"https:\/\/www.mcbgroup.eu\/#website","url":"https:\/\/www.mcbgroup.eu\/","name":"MCB-bedrijven","description":"","publisher":{"@id":"https:\/\/www.mcbgroup.eu\/#organization"},"potentialAction":[{"@type":"SearchAction","target":{"@type":"EntryPoint","urlTemplate":"https:\/\/www.mcbgroup.eu\/?s={search_term_string}"},"query-input":{"@type":"PropertyValueSpecification","valueRequired":true,"valueName":"search_term_string"}}],"inLanguage":"de-DE"},{"@type":"Organization","@id":"https:\/\/www.mcbgroup.eu\/#organization","name":"MCB Group","url":"https:\/\/www.mcbgroup.eu\/","logo":{"@type":"ImageObject","inLanguage":"de-DE","@id":"https:\/\/www.mcbgroup.eu\/#\/schema\/logo\/image\/","url":"https:\/\/mcbgroup.eu\/wp-content\/uploads\/2021\/10\/MCB-Payoff-1-1.jpg","contentUrl":"https:\/\/mcbgroup.eu\/wp-content\/uploads\/2021\/10\/MCB-Payoff-1-1.jpg","width":201,"height":201,"caption":"MCB Group"},"image":{"@id":"https:\/\/www.mcbgroup.eu\/#\/schema\/logo\/image\/"}}]}},"_links":{"self":[{"href":"https:\/\/www.mcbgroup.eu\/de\/wp-json\/wp\/v2\/pages\/1396","targetHints":{"allow":["GET"]}}],"collection":[{"href":"https:\/\/www.mcbgroup.eu\/de\/wp-json\/wp\/v2\/pages"}],"about":[{"href":"https:\/\/www.mcbgroup.eu\/de\/wp-json\/wp\/v2\/types\/page"}],"author":[{"embeddable":true,"href":"https:\/\/www.mcbgroup.eu\/de\/wp-json\/wp\/v2\/users\/24"}],"replies":[{"embeddable":true,"href":"https:\/\/www.mcbgroup.eu\/de\/wp-json\/wp\/v2\/comments?post=1396"}],"version-history":[{"count":22,"href":"https:\/\/www.mcbgroup.eu\/de\/wp-json\/wp\/v2\/pages\/1396\/revisions"}],"predecessor-version":[{"id":7209,"href":"https:\/\/www.mcbgroup.eu\/de\/wp-json\/wp\/v2\/pages\/1396\/revisions\/7209"}],"wp:attachment":[{"href":"https:\/\/www.mcbgroup.eu\/de\/wp-json\/wp\/v2\/media?parent=1396"}],"curies":[{"name":"wp","href":"https:\/\/api.w.org\/{rel}","templated":true}]}}