{"id":1409,"date":"2016-11-02T23:24:30","date_gmt":"2016-11-02T22:24:30","guid":{"rendered":"https:\/\/mcbgroup.eu\/documentatie\/"},"modified":"2023-12-08T16:11:24","modified_gmt":"2023-12-08T15:11:24","slug":"veroeffentlichungen","status":"publish","type":"page","link":"https:\/\/www.mcbgroup.eu\/de\/veroeffentlichungen\/","title":{"rendered":"Ver\u00f6ffentlichungen"},"content":{"rendered":"<blockquote class=\"wp-embedded-content\" data-secret=\"r5Moke6NTW\"><p><a href=\"https:\/\/www.mcbgroup.eu\/documentatie\/\">Documentatie<\/a><\/p><\/blockquote>\n<p><iframe loading=\"lazy\" class=\"wp-embedded-content\" sandbox=\"allow-scripts\" security=\"restricted\" style=\"position: absolute; visibility: hidden;\" title=\"&#8220;Documentatie&#8221; &#8212; MCB-bedrijven\" src=\"https:\/\/www.mcbgroup.eu\/documentatie\/embed\/#?secret=NTs5hPVYX2#?secret=r5Moke6NTW\" data-secret=\"r5Moke6NTW\" width=\"500\" height=\"282\" frameborder=\"0\" marginwidth=\"0\" marginheight=\"0\" scrolling=\"no\"><\/iframe><\/p>\n","protected":false},"excerpt":{"rendered":"<p>Documentatie<\/p>\n","protected":false},"author":24,"featured_media":0,"parent":0,"menu_order":0,"comment_status":"closed","ping_status":"closed","template":"","meta":{"footnotes":""},"class_list":["post-1409","page","type-page","status-publish","hentry"],"yoast_head":"<!-- This site is optimized with the Yoast SEO plugin v27.3 - https:\/\/yoast.com\/product\/yoast-seo-wordpress\/ -->\n<title>Ver\u00f6ffentlichungen - MCB Group<\/title>\n<meta name=\"description\" content=\"Hier k\u00f6nnen Sie den MCB Jahresbericht 2015 einsehen. M\u00f6chten Sie ein Exemplar des Jahresberichtes bestellen? Fordern Sie hier.\" \/>\n<meta name=\"robots\" content=\"index, follow, max-snippet:-1, max-image-preview:large, max-video-preview:-1\" \/>\n<link rel=\"canonical\" href=\"https:\/\/www.mcbgroup.eu\/de\/veroeffentlichungen\/\" \/>\n<meta property=\"og:locale\" content=\"de_DE\" \/>\n<meta property=\"og:type\" content=\"article\" \/>\n<meta property=\"og:title\" content=\"Ver\u00f6ffentlichungen - MCB Group\" \/>\n<meta property=\"og:description\" content=\"Hier k\u00f6nnen Sie den MCB Jahresbericht 2015 einsehen. M\u00f6chten Sie ein Exemplar des Jahresberichtes bestellen? Fordern Sie hier.\" \/>\n<meta property=\"og:url\" content=\"https:\/\/www.mcbgroup.eu\/de\/veroeffentlichungen\/\" \/>\n<meta property=\"og:site_name\" content=\"MCB-bedrijven\" \/>\n<meta property=\"article:modified_time\" content=\"2023-12-08T15:11:24+00:00\" \/>\n<meta property=\"og:image\" content=\"https:\/\/www.mcbgroup.eu\/wp-content\/uploads\/2016\/11\/og-image.jpg\" \/>\n\t<meta property=\"og:image:width\" content=\"400\" \/>\n\t<meta property=\"og:image:height\" content=\"400\" \/>\n\t<meta property=\"og:image:type\" content=\"image\/jpeg\" \/>\n<meta name=\"twitter:card\" content=\"summary_large_image\" \/>\n<meta name=\"twitter:label1\" content=\"Est. reading time\" \/>\n\t<meta name=\"twitter:data1\" content=\"1 minute\" \/>\n<script type=\"application\/ld+json\" class=\"yoast-schema-graph\">{\"@context\":\"https:\\\/\\\/schema.org\",\"@graph\":[{\"@type\":\"WebPage\",\"@id\":\"https:\\\/\\\/www.mcbgroup.eu\\\/de\\\/veroeffentlichungen\\\/\",\"url\":\"https:\\\/\\\/www.mcbgroup.eu\\\/de\\\/veroeffentlichungen\\\/\",\"name\":\"Ver\u00f6ffentlichungen - MCB Group\",\"isPartOf\":{\"@id\":\"https:\\\/\\\/www.mcbgroup.eu\\\/#website\"},\"datePublished\":\"2016-11-02T22:24:30+00:00\",\"dateModified\":\"2023-12-08T15:11:24+00:00\",\"description\":\"Hier k\u00f6nnen Sie den MCB Jahresbericht 2015 einsehen. M\u00f6chten Sie ein Exemplar des Jahresberichtes bestellen? Fordern Sie hier.\",\"breadcrumb\":{\"@id\":\"https:\\\/\\\/www.mcbgroup.eu\\\/de\\\/veroeffentlichungen\\\/#breadcrumb\"},\"inLanguage\":\"de-DE\",\"potentialAction\":[{\"@type\":\"ReadAction\",\"target\":[\"https:\\\/\\\/www.mcbgroup.eu\\\/de\\\/veroeffentlichungen\\\/\"]}]},{\"@type\":\"BreadcrumbList\",\"@id\":\"https:\\\/\\\/www.mcbgroup.eu\\\/de\\\/veroeffentlichungen\\\/#breadcrumb\",\"itemListElement\":[{\"@type\":\"ListItem\",\"position\":1,\"name\":\"Home\",\"item\":\"https:\\\/\\\/www.mcbgroup.eu\\\/\"},{\"@type\":\"ListItem\",\"position\":2,\"name\":\"Ver\u00f6ffentlichungen\"}]},{\"@type\":\"WebSite\",\"@id\":\"https:\\\/\\\/www.mcbgroup.eu\\\/#website\",\"url\":\"https:\\\/\\\/www.mcbgroup.eu\\\/\",\"name\":\"MCB-bedrijven\",\"description\":\"\",\"publisher\":{\"@id\":\"https:\\\/\\\/www.mcbgroup.eu\\\/#organization\"},\"potentialAction\":[{\"@type\":\"SearchAction\",\"target\":{\"@type\":\"EntryPoint\",\"urlTemplate\":\"https:\\\/\\\/www.mcbgroup.eu\\\/?s={search_term_string}\"},\"query-input\":{\"@type\":\"PropertyValueSpecification\",\"valueRequired\":true,\"valueName\":\"search_term_string\"}}],\"inLanguage\":\"de-DE\"},{\"@type\":\"Organization\",\"@id\":\"https:\\\/\\\/www.mcbgroup.eu\\\/#organization\",\"name\":\"MCB Group\",\"url\":\"https:\\\/\\\/www.mcbgroup.eu\\\/\",\"logo\":{\"@type\":\"ImageObject\",\"inLanguage\":\"de-DE\",\"@id\":\"https:\\\/\\\/www.mcbgroup.eu\\\/#\\\/schema\\\/logo\\\/image\\\/\",\"url\":\"https:\\\/\\\/mcbgroup.eu\\\/wp-content\\\/uploads\\\/2021\\\/10\\\/MCB-Payoff-1-1.jpg\",\"contentUrl\":\"https:\\\/\\\/mcbgroup.eu\\\/wp-content\\\/uploads\\\/2021\\\/10\\\/MCB-Payoff-1-1.jpg\",\"width\":201,\"height\":201,\"caption\":\"MCB Group\"},\"image\":{\"@id\":\"https:\\\/\\\/www.mcbgroup.eu\\\/#\\\/schema\\\/logo\\\/image\\\/\"}}]}<\/script>\n<!-- \/ Yoast SEO plugin. -->","yoast_head_json":{"title":"Ver\u00f6ffentlichungen - MCB Group","description":"Hier k\u00f6nnen Sie den MCB Jahresbericht 2015 einsehen. M\u00f6chten Sie ein Exemplar des Jahresberichtes bestellen? Fordern Sie hier.","robots":{"index":"index","follow":"follow","max-snippet":"max-snippet:-1","max-image-preview":"max-image-preview:large","max-video-preview":"max-video-preview:-1"},"canonical":"https:\/\/www.mcbgroup.eu\/de\/veroeffentlichungen\/","og_locale":"de_DE","og_type":"article","og_title":"Ver\u00f6ffentlichungen - MCB Group","og_description":"Hier k\u00f6nnen Sie den MCB Jahresbericht 2015 einsehen. M\u00f6chten Sie ein Exemplar des Jahresberichtes bestellen? Fordern Sie hier.","og_url":"https:\/\/www.mcbgroup.eu\/de\/veroeffentlichungen\/","og_site_name":"MCB-bedrijven","article_modified_time":"2023-12-08T15:11:24+00:00","og_image":[{"width":400,"height":400,"url":"https:\/\/www.mcbgroup.eu\/wp-content\/uploads\/2016\/11\/og-image.jpg","type":"image\/jpeg"}],"twitter_card":"summary_large_image","twitter_misc":{"Est. reading time":"1 minute"},"schema":{"@context":"https:\/\/schema.org","@graph":[{"@type":"WebPage","@id":"https:\/\/www.mcbgroup.eu\/de\/veroeffentlichungen\/","url":"https:\/\/www.mcbgroup.eu\/de\/veroeffentlichungen\/","name":"Ver\u00f6ffentlichungen - MCB Group","isPartOf":{"@id":"https:\/\/www.mcbgroup.eu\/#website"},"datePublished":"2016-11-02T22:24:30+00:00","dateModified":"2023-12-08T15:11:24+00:00","description":"Hier k\u00f6nnen Sie den MCB Jahresbericht 2015 einsehen. M\u00f6chten Sie ein Exemplar des Jahresberichtes bestellen? Fordern Sie hier.","breadcrumb":{"@id":"https:\/\/www.mcbgroup.eu\/de\/veroeffentlichungen\/#breadcrumb"},"inLanguage":"de-DE","potentialAction":[{"@type":"ReadAction","target":["https:\/\/www.mcbgroup.eu\/de\/veroeffentlichungen\/"]}]},{"@type":"BreadcrumbList","@id":"https:\/\/www.mcbgroup.eu\/de\/veroeffentlichungen\/#breadcrumb","itemListElement":[{"@type":"ListItem","position":1,"name":"Home","item":"https:\/\/www.mcbgroup.eu\/"},{"@type":"ListItem","position":2,"name":"Ver\u00f6ffentlichungen"}]},{"@type":"WebSite","@id":"https:\/\/www.mcbgroup.eu\/#website","url":"https:\/\/www.mcbgroup.eu\/","name":"MCB-bedrijven","description":"","publisher":{"@id":"https:\/\/www.mcbgroup.eu\/#organization"},"potentialAction":[{"@type":"SearchAction","target":{"@type":"EntryPoint","urlTemplate":"https:\/\/www.mcbgroup.eu\/?s={search_term_string}"},"query-input":{"@type":"PropertyValueSpecification","valueRequired":true,"valueName":"search_term_string"}}],"inLanguage":"de-DE"},{"@type":"Organization","@id":"https:\/\/www.mcbgroup.eu\/#organization","name":"MCB Group","url":"https:\/\/www.mcbgroup.eu\/","logo":{"@type":"ImageObject","inLanguage":"de-DE","@id":"https:\/\/www.mcbgroup.eu\/#\/schema\/logo\/image\/","url":"https:\/\/mcbgroup.eu\/wp-content\/uploads\/2021\/10\/MCB-Payoff-1-1.jpg","contentUrl":"https:\/\/mcbgroup.eu\/wp-content\/uploads\/2021\/10\/MCB-Payoff-1-1.jpg","width":201,"height":201,"caption":"MCB Group"},"image":{"@id":"https:\/\/www.mcbgroup.eu\/#\/schema\/logo\/image\/"}}]}},"_links":{"self":[{"href":"https:\/\/www.mcbgroup.eu\/de\/wp-json\/wp\/v2\/pages\/1409","targetHints":{"allow":["GET"]}}],"collection":[{"href":"https:\/\/www.mcbgroup.eu\/de\/wp-json\/wp\/v2\/pages"}],"about":[{"href":"https:\/\/www.mcbgroup.eu\/de\/wp-json\/wp\/v2\/types\/page"}],"author":[{"embeddable":true,"href":"https:\/\/www.mcbgroup.eu\/de\/wp-json\/wp\/v2\/users\/24"}],"replies":[{"embeddable":true,"href":"https:\/\/www.mcbgroup.eu\/de\/wp-json\/wp\/v2\/comments?post=1409"}],"version-history":[{"count":18,"href":"https:\/\/www.mcbgroup.eu\/de\/wp-json\/wp\/v2\/pages\/1409\/revisions"}],"predecessor-version":[{"id":7612,"href":"https:\/\/www.mcbgroup.eu\/de\/wp-json\/wp\/v2\/pages\/1409\/revisions\/7612"}],"wp:attachment":[{"href":"https:\/\/www.mcbgroup.eu\/de\/wp-json\/wp\/v2\/media?parent=1409"}],"curies":[{"name":"wp","href":"https:\/\/api.w.org\/{rel}","templated":true}]}}