{"id":1716,"date":"2016-11-07T23:02:42","date_gmt":"2016-11-07T22:02:42","guid":{"rendered":"https:\/\/mcbgroup.eu\/disclaimer-copyright\/"},"modified":"2017-09-29T14:42:02","modified_gmt":"2017-09-29T12:42:02","slug":"decharge-de-responsabilite-copyright","status":"publish","type":"page","link":"https:\/\/www.mcbgroup.eu\/fr\/decharge-de-responsabilite-copyright\/","title":{"rendered":"D\u00e9charge de responsabilite &amp; Copyright"},"content":{"rendered":"<blockquote class=\"wp-embedded-content\" data-secret=\"pPyBXFXYxL\"><p><a href=\"https:\/\/www.mcbgroup.eu\/disclaimer-copyright\/\">Disclaimer &amp; Copyright<\/a><\/p><\/blockquote>\n<p><iframe loading=\"lazy\" class=\"wp-embedded-content\" sandbox=\"allow-scripts\" security=\"restricted\" style=\"position: absolute; visibility: hidden;\" title=\"&#8220;Disclaimer &amp; Copyright&#8221; &#8212; MCB-bedrijven\" src=\"https:\/\/www.mcbgroup.eu\/disclaimer-copyright\/embed\/#?secret=En0NGWcs5h#?secret=pPyBXFXYxL\" data-secret=\"pPyBXFXYxL\" width=\"500\" height=\"282\" frameborder=\"0\" marginwidth=\"0\" marginheight=\"0\" scrolling=\"no\"><\/iframe><\/p>\n","protected":false},"excerpt":{"rendered":"<p>Disclaimer &amp; Copyright<\/p>\n","protected":false},"author":24,"featured_media":0,"parent":0,"menu_order":0,"comment_status":"closed","ping_status":"open","template":"","meta":{"footnotes":""},"class_list":["post-1716","page","type-page","status-publish","hentry"],"yoast_head":"<!-- This site is optimized with the Yoast SEO plugin v27.3 - https:\/\/yoast.com\/product\/yoast-seo-wordpress\/ -->\n<title>D\u00e9charge de responsabilite &amp; Copyright MCB GROUP<\/title>\n<meta name=\"description\" content=\"L&#039;information contenue dans ce site web a \u00e9t\u00e9 pr\u00e9par\u00e9e dans le seul but de fournir des informations sur MCB.\" \/>\n<meta name=\"robots\" content=\"index, follow, max-snippet:-1, max-image-preview:large, max-video-preview:-1\" \/>\n<link rel=\"canonical\" href=\"https:\/\/www.mcbgroup.eu\/fr\/decharge-de-responsabilite-copyright\/\" \/>\n<meta property=\"og:locale\" content=\"fr_FR\" \/>\n<meta property=\"og:type\" content=\"article\" \/>\n<meta property=\"og:title\" content=\"D\u00e9charge de responsabilite &amp; Copyright MCB GROUP\" \/>\n<meta property=\"og:description\" content=\"L&#039;information contenue dans ce site web a \u00e9t\u00e9 pr\u00e9par\u00e9e dans le seul but de fournir des informations sur MCB.\" \/>\n<meta property=\"og:url\" content=\"https:\/\/www.mcbgroup.eu\/fr\/decharge-de-responsabilite-copyright\/\" \/>\n<meta property=\"og:site_name\" content=\"MCB-bedrijven\" \/>\n<meta property=\"article:modified_time\" content=\"2017-09-29T12:42:02+00:00\" \/>\n<meta property=\"og:image\" content=\"https:\/\/www.mcbgroup.eu\/wp-content\/uploads\/2016\/11\/og-image.jpg\" \/>\n\t<meta property=\"og:image:width\" content=\"400\" \/>\n\t<meta property=\"og:image:height\" content=\"400\" \/>\n\t<meta property=\"og:image:type\" content=\"image\/jpeg\" \/>\n<meta name=\"twitter:card\" content=\"summary_large_image\" \/>\n<script type=\"application\/ld+json\" class=\"yoast-schema-graph\">{\"@context\":\"https:\\\/\\\/schema.org\",\"@graph\":[{\"@type\":\"WebPage\",\"@id\":\"https:\\\/\\\/www.mcbgroup.eu\\\/fr\\\/decharge-de-responsabilite-copyright\\\/\",\"url\":\"https:\\\/\\\/www.mcbgroup.eu\\\/fr\\\/decharge-de-responsabilite-copyright\\\/\",\"name\":\"D\u00e9charge de responsabilite & Copyright MCB GROUP\",\"isPartOf\":{\"@id\":\"https:\\\/\\\/www.mcbgroup.eu\\\/#website\"},\"datePublished\":\"2016-11-07T22:02:42+00:00\",\"dateModified\":\"2017-09-29T12:42:02+00:00\",\"description\":\"L'information contenue dans ce site web a \u00e9t\u00e9 pr\u00e9par\u00e9e dans le seul but de fournir des informations sur MCB.\",\"breadcrumb\":{\"@id\":\"https:\\\/\\\/www.mcbgroup.eu\\\/fr\\\/decharge-de-responsabilite-copyright\\\/#breadcrumb\"},\"inLanguage\":\"fr-FR\",\"potentialAction\":[{\"@type\":\"ReadAction\",\"target\":[\"https:\\\/\\\/www.mcbgroup.eu\\\/fr\\\/decharge-de-responsabilite-copyright\\\/\"]}]},{\"@type\":\"BreadcrumbList\",\"@id\":\"https:\\\/\\\/www.mcbgroup.eu\\\/fr\\\/decharge-de-responsabilite-copyright\\\/#breadcrumb\",\"itemListElement\":[{\"@type\":\"ListItem\",\"position\":1,\"name\":\"Home\",\"item\":\"https:\\\/\\\/www.mcbgroup.eu\\\/\"},{\"@type\":\"ListItem\",\"position\":2,\"name\":\"D\u00e9charge de responsabilite &amp; Copyright\"}]},{\"@type\":\"WebSite\",\"@id\":\"https:\\\/\\\/www.mcbgroup.eu\\\/#website\",\"url\":\"https:\\\/\\\/www.mcbgroup.eu\\\/\",\"name\":\"MCB-bedrijven\",\"description\":\"\",\"publisher\":{\"@id\":\"https:\\\/\\\/www.mcbgroup.eu\\\/#organization\"},\"potentialAction\":[{\"@type\":\"SearchAction\",\"target\":{\"@type\":\"EntryPoint\",\"urlTemplate\":\"https:\\\/\\\/www.mcbgroup.eu\\\/?s={search_term_string}\"},\"query-input\":{\"@type\":\"PropertyValueSpecification\",\"valueRequired\":true,\"valueName\":\"search_term_string\"}}],\"inLanguage\":\"fr-FR\"},{\"@type\":\"Organization\",\"@id\":\"https:\\\/\\\/www.mcbgroup.eu\\\/#organization\",\"name\":\"MCB Group\",\"url\":\"https:\\\/\\\/www.mcbgroup.eu\\\/\",\"logo\":{\"@type\":\"ImageObject\",\"inLanguage\":\"fr-FR\",\"@id\":\"https:\\\/\\\/www.mcbgroup.eu\\\/#\\\/schema\\\/logo\\\/image\\\/\",\"url\":\"https:\\\/\\\/mcbgroup.eu\\\/wp-content\\\/uploads\\\/2021\\\/10\\\/MCB-Payoff-1-1.jpg\",\"contentUrl\":\"https:\\\/\\\/mcbgroup.eu\\\/wp-content\\\/uploads\\\/2021\\\/10\\\/MCB-Payoff-1-1.jpg\",\"width\":201,\"height\":201,\"caption\":\"MCB Group\"},\"image\":{\"@id\":\"https:\\\/\\\/www.mcbgroup.eu\\\/#\\\/schema\\\/logo\\\/image\\\/\"}}]}<\/script>\n<!-- \/ Yoast SEO plugin. -->","yoast_head_json":{"title":"D\u00e9charge de responsabilite & Copyright MCB GROUP","description":"L'information contenue dans ce site web a \u00e9t\u00e9 pr\u00e9par\u00e9e dans le seul but de fournir des informations sur MCB.","robots":{"index":"index","follow":"follow","max-snippet":"max-snippet:-1","max-image-preview":"max-image-preview:large","max-video-preview":"max-video-preview:-1"},"canonical":"https:\/\/www.mcbgroup.eu\/fr\/decharge-de-responsabilite-copyright\/","og_locale":"fr_FR","og_type":"article","og_title":"D\u00e9charge de responsabilite & Copyright MCB GROUP","og_description":"L'information contenue dans ce site web a \u00e9t\u00e9 pr\u00e9par\u00e9e dans le seul but de fournir des informations sur MCB.","og_url":"https:\/\/www.mcbgroup.eu\/fr\/decharge-de-responsabilite-copyright\/","og_site_name":"MCB-bedrijven","article_modified_time":"2017-09-29T12:42:02+00:00","og_image":[{"width":400,"height":400,"url":"https:\/\/www.mcbgroup.eu\/wp-content\/uploads\/2016\/11\/og-image.jpg","type":"image\/jpeg"}],"twitter_card":"summary_large_image","schema":{"@context":"https:\/\/schema.org","@graph":[{"@type":"WebPage","@id":"https:\/\/www.mcbgroup.eu\/fr\/decharge-de-responsabilite-copyright\/","url":"https:\/\/www.mcbgroup.eu\/fr\/decharge-de-responsabilite-copyright\/","name":"D\u00e9charge de responsabilite & Copyright MCB GROUP","isPartOf":{"@id":"https:\/\/www.mcbgroup.eu\/#website"},"datePublished":"2016-11-07T22:02:42+00:00","dateModified":"2017-09-29T12:42:02+00:00","description":"L'information contenue dans ce site web a \u00e9t\u00e9 pr\u00e9par\u00e9e dans le seul but de fournir des informations sur MCB.","breadcrumb":{"@id":"https:\/\/www.mcbgroup.eu\/fr\/decharge-de-responsabilite-copyright\/#breadcrumb"},"inLanguage":"fr-FR","potentialAction":[{"@type":"ReadAction","target":["https:\/\/www.mcbgroup.eu\/fr\/decharge-de-responsabilite-copyright\/"]}]},{"@type":"BreadcrumbList","@id":"https:\/\/www.mcbgroup.eu\/fr\/decharge-de-responsabilite-copyright\/#breadcrumb","itemListElement":[{"@type":"ListItem","position":1,"name":"Home","item":"https:\/\/www.mcbgroup.eu\/"},{"@type":"ListItem","position":2,"name":"D\u00e9charge de responsabilite &amp; Copyright"}]},{"@type":"WebSite","@id":"https:\/\/www.mcbgroup.eu\/#website","url":"https:\/\/www.mcbgroup.eu\/","name":"MCB-bedrijven","description":"","publisher":{"@id":"https:\/\/www.mcbgroup.eu\/#organization"},"potentialAction":[{"@type":"SearchAction","target":{"@type":"EntryPoint","urlTemplate":"https:\/\/www.mcbgroup.eu\/?s={search_term_string}"},"query-input":{"@type":"PropertyValueSpecification","valueRequired":true,"valueName":"search_term_string"}}],"inLanguage":"fr-FR"},{"@type":"Organization","@id":"https:\/\/www.mcbgroup.eu\/#organization","name":"MCB Group","url":"https:\/\/www.mcbgroup.eu\/","logo":{"@type":"ImageObject","inLanguage":"fr-FR","@id":"https:\/\/www.mcbgroup.eu\/#\/schema\/logo\/image\/","url":"https:\/\/mcbgroup.eu\/wp-content\/uploads\/2021\/10\/MCB-Payoff-1-1.jpg","contentUrl":"https:\/\/mcbgroup.eu\/wp-content\/uploads\/2021\/10\/MCB-Payoff-1-1.jpg","width":201,"height":201,"caption":"MCB Group"},"image":{"@id":"https:\/\/www.mcbgroup.eu\/#\/schema\/logo\/image\/"}}]}},"_links":{"self":[{"href":"https:\/\/www.mcbgroup.eu\/fr\/wp-json\/wp\/v2\/pages\/1716","targetHints":{"allow":["GET"]}}],"collection":[{"href":"https:\/\/www.mcbgroup.eu\/fr\/wp-json\/wp\/v2\/pages"}],"about":[{"href":"https:\/\/www.mcbgroup.eu\/fr\/wp-json\/wp\/v2\/types\/page"}],"author":[{"embeddable":true,"href":"https:\/\/www.mcbgroup.eu\/fr\/wp-json\/wp\/v2\/users\/24"}],"replies":[{"embeddable":true,"href":"https:\/\/www.mcbgroup.eu\/fr\/wp-json\/wp\/v2\/comments?post=1716"}],"version-history":[{"count":2,"href":"https:\/\/www.mcbgroup.eu\/fr\/wp-json\/wp\/v2\/pages\/1716\/revisions"}],"predecessor-version":[{"id":1718,"href":"https:\/\/www.mcbgroup.eu\/fr\/wp-json\/wp\/v2\/pages\/1716\/revisions\/1718"}],"wp:attachment":[{"href":"https:\/\/www.mcbgroup.eu\/fr\/wp-json\/wp\/v2\/media?parent=1716"}],"curies":[{"name":"wp","href":"https:\/\/api.w.org\/{rel}","templated":true}]}}